{"id":5,"date":"2025-12-12T14:36:25","date_gmt":"2025-12-12T14:36:25","guid":{"rendered":"https:\/\/baranuruncan.com.tr\/?page_id=5"},"modified":"2025-12-14T14:17:49","modified_gmt":"2025-12-14T14:17:49","slug":"ana-sayfa","status":"publish","type":"page","link":"https:\/\/baranuruncan.com.tr\/","title":{"rendered":""},"content":{"rendered":"\n<div class=\"wp-block-cover alignfull is-light hestia-clear-top-padding\" style=\"min-height:700px;aspect-ratio:unset;\"><span aria-hidden=\"true\" class=\"wp-block-cover__background has-white-background-color has-background-dim-100 has-background-dim\"><\/span><div class=\"wp-block-cover__inner-container is-layout-flow wp-block-cover-is-layout-flow\">\n<h2 class=\"wp-block-heading has-text-align-center has-text-color\" style=\"color:#3c4858\">Kim bu Baran \u00dcr\u00fcncan ?<\/h2>\n\n\n\n<hr class=\"wp-block-separator has-alpha-channel-opacity is-style-default\"\/>\n\n\n\n<blockquote class=\"wp-block-quote is-layout-flow wp-block-quote-is-layout-flow\">\n<p>Merhabalar Ben -tahmin etti\u011finiz gibi- Baran \u00dcr\u00fcncan<\/p>\n<\/blockquote>\n\n\n\n<div class=\"wp-block-columns container is-layout-flex wp-container-core-columns-is-layout-28f84493 wp-block-columns-is-layout-flex\">\n<div class=\"wp-block-column is-layout-flow wp-block-column-is-layout-flow\"><div class=\"wp-block-image\">\n<figure class=\"aligncenter size-full is-resized\"><img loading=\"lazy\" decoding=\"async\" width=\"500\" height=\"500\" src=\"http:\/\/baranuruncan.com.tr\/wp-content\/uploads\/2025\/12\/coding-clipart-man-sitting-at-the-computer-working-on-his_568210_wh860-removebg-preview.png\" alt=\"\" class=\"wp-image-21\" style=\"width:140px;height:auto\" srcset=\"https:\/\/baranuruncan.com.tr\/wp-content\/uploads\/2025\/12\/coding-clipart-man-sitting-at-the-computer-working-on-his_568210_wh860-removebg-preview.png 500w, https:\/\/baranuruncan.com.tr\/wp-content\/uploads\/2025\/12\/coding-clipart-man-sitting-at-the-computer-working-on-his_568210_wh860-removebg-preview-300x300.png 300w, https:\/\/baranuruncan.com.tr\/wp-content\/uploads\/2025\/12\/coding-clipart-man-sitting-at-the-computer-working-on-his_568210_wh860-removebg-preview-150x150.png 150w\" sizes=\"auto, (max-width: 500px) 100vw, 500px\" \/><\/figure>\n<\/div>\n\n\n<h5 class=\"wp-block-heading has-text-align-center has-text-color\" style=\"color:#3c4858;font-size:18px\">Yetenekli Oldu\u011fum Diller<\/h5>\n\n\n\n<h2 class=\"wp-block-heading has-text-align-center has-text-color\" style=\"color:#999999;font-size:14px\">\u201c<mark style=\"background-color:rgba(0, 0, 0, 0)\" class=\"has-inline-color has-black-color\">JavaScript<\/mark>, <mark style=\"background-color:rgba(0, 0, 0, 0)\" class=\"has-inline-color has-black-color\">Python<\/mark>, <mark style=\"background-color:rgba(0, 0, 0, 0)\" class=\"has-inline-color has-black-color\">HTML<\/mark>, <mark style=\"background-color:rgba(0, 0, 0, 0)\" class=\"has-inline-color has-black-color\">CSS <\/mark>ve <mark style=\"background-color:rgba(0, 0, 0, 0)\" class=\"has-inline-color has-black-color\">C#<\/mark> konular\u0131nda g\u00fc\u00e7l\u00fc bir temele sahibim. <mark style=\"background-color:rgba(0, 0, 0, 0)\" class=\"has-inline-color has-black-color\">React<\/mark>, <mark style=\"background-color:rgba(0, 0, 0, 0)\" class=\"has-inline-color has-black-color\">Tailwind <\/mark>ve <mark style=\"background-color:rgba(0, 0, 0, 0)\" class=\"has-inline-color has-black-color\">Bootstrap <\/mark>gibi modern k\u00fct\u00fcphane ve framework\u2019lerle rahat\u00e7a \u00e7al\u0131\u015fabiliyorum. Web geli\u015ftirme s\u00fcre\u00e7lerinde \u00f6zellikle <mark style=\"background-color:rgba(0, 0, 0, 0)\" class=\"has-inline-color has-black-color\">JavaScript <\/mark>ekosistemini aktif olarak kullan\u0131yor, frontend a\u011f\u0131rl\u0131kl\u0131 olmak \u00fczere k\u00fc\u00e7\u00fck \u00f6l\u00e7ekli backend projeleri de geli\u015ftirebiliyorum.\u201d<\/h2>\n<\/div>\n<\/div>\n<\/div><\/div>\n\n\n\n<div class=\"wp-block-cover alignfull hestia-clear-top-padding\" style=\"min-height:700px;aspect-ratio:unset;\"><span aria-hidden=\"true\" class=\"wp-block-cover__background has-white-background-color has-background-dim-100 has-background-dim\"><\/span><div class=\"wp-block-cover__inner-container is-layout-flow wp-block-cover-is-layout-flow\">\n<p class=\"has-text-align-center\"><\/p>\n\n\n\n<div class=\"wp-block-columns container is-layout-flex wp-container-core-columns-is-layout-28f84493 wp-block-columns-is-layout-flex\">\n<div class=\"wp-block-column is-layout-flow wp-block-column-is-layout-flow\"><div class=\"wp-block-image\">\n<figure class=\"aligncenter size-full is-resized\"><img loading=\"lazy\" decoding=\"async\" width=\"500\" height=\"500\" src=\"http:\/\/baranuruncan.com.tr\/wp-content\/uploads\/2025\/12\/graph-clipart-man-showing-business-data-chart-concept-cartoon-vector_550636_wh860-removebg-preview.png\" alt=\"\" class=\"wp-image-22\" style=\"width:140px;height:auto\" srcset=\"https:\/\/baranuruncan.com.tr\/wp-content\/uploads\/2025\/12\/graph-clipart-man-showing-business-data-chart-concept-cartoon-vector_550636_wh860-removebg-preview.png 500w, https:\/\/baranuruncan.com.tr\/wp-content\/uploads\/2025\/12\/graph-clipart-man-showing-business-data-chart-concept-cartoon-vector_550636_wh860-removebg-preview-300x300.png 300w, https:\/\/baranuruncan.com.tr\/wp-content\/uploads\/2025\/12\/graph-clipart-man-showing-business-data-chart-concept-cartoon-vector_550636_wh860-removebg-preview-150x150.png 150w\" sizes=\"auto, (max-width: 500px) 100vw, 500px\" \/><\/figure>\n<\/div>\n\n\n<h5 class=\"wp-block-heading has-text-align-center has-text-color\" style=\"color:#3c4858;font-size:18px\">Nelerle U\u011fra\u015f\u0131yorum \/ \u015eu An Ne \u00d6\u011freniyorum \/ Hedefim Ne?<\/h5>\n\n\n\n<h2 class=\"wp-block-heading has-text-align-center has-text-color\" style=\"color:#999999;font-size:14px\">\u201cFrontend odakl\u0131 ilerliyorum ve <mark style=\"background-color:rgba(0, 0, 0, 0)\" class=\"has-inline-color has-black-color\">React <\/mark>ekosistemini derinlemesine \u00f6\u011freniyorum. Bunun yan\u0131nda <mark style=\"background-color:rgba(0, 0, 0, 0)\" class=\"has-inline-color has-black-color\">Node.js<\/mark> ile backend temellerimi g\u00fc\u00e7lendiriyor, ilerleyen s\u00fcre\u00e7te <mark style=\"background-color:rgba(0, 0, 0, 0)\" class=\"has-inline-color has-black-color\">ASP.NET<\/mark> \u00f6\u011frenerek tam anlam\u0131yla g\u00fc\u00e7l\u00fc bir full-stack altyap\u0131s\u0131 olu\u015fturmay\u0131 hedefliyorum. Web geli\u015ftirme d\u0131\u015f\u0131nda <mark style=\"background-color:rgba(0, 0, 0, 0)\" class=\"has-inline-color has-black-color\">yapay zek\u00e2 teknolojilerine<\/mark> de ilgi duyuyor ve bu alanda kendimi geli\u015ftirmek i\u00e7in k\u00fc\u00e7\u00fck deneysel projeler yap\u0131yorum. <mark style=\"background-color:rgba(0, 0, 0, 0)\" class=\"has-inline-color has-black-color\"><em>Amac\u0131m<\/em><\/mark>, ger\u00e7ek d\u00fcnya projelerinde aktif rol alabilece\u011fim <em><mark style=\"background-color:rgba(0, 0, 0, 0)\" class=\"has-inline-color has-black-color\">\u00e7ok y\u00f6nl\u00fc bir yaz\u0131l\u0131mc\u0131<\/mark> <mark style=\"background-color:rgba(0, 0, 0, 0)\" class=\"has-inline-color has-black-color\">olmak<\/mark>.<\/em>\u201d<\/h2>\n<\/div>\n<\/div>\n<\/div><\/div>\n\n\n\n<div class=\"wp-block-cover alignfull hestia-clear-top-padding\" style=\"min-height:400px;aspect-ratio:unset;\"><span aria-hidden=\"true\" class=\"wp-block-cover__background has-white-background-color has-background-dim-100 has-background-dim\"><\/span><div class=\"wp-block-cover__inner-container is-layout-flow wp-block-cover-is-layout-flow\">\n<p class=\"has-text-align-center\"><\/p>\n\n\n\n<div class=\"wp-block-columns container is-layout-flex wp-container-core-columns-is-layout-28f84493 wp-block-columns-is-layout-flex\">\n<div class=\"wp-block-column is-layout-flow wp-block-column-is-layout-flow\"><div class=\"wp-block-image\">\n<figure class=\"aligncenter size-full is-resized\"><img loading=\"lazy\" decoding=\"async\" width=\"1536\" height=\"1023\" src=\"http:\/\/baranuruncan.com.tr\/wp-content\/uploads\/2025\/12\/cropped-saydamK.png\" alt=\"\" class=\"wp-image-9\" style=\"aspect-ratio:1.501072137122301;width:284px;height:auto\" srcset=\"https:\/\/baranuruncan.com.tr\/wp-content\/uploads\/2025\/12\/cropped-saydamK.png 1536w, https:\/\/baranuruncan.com.tr\/wp-content\/uploads\/2025\/12\/cropped-saydamK-300x200.png 300w, https:\/\/baranuruncan.com.tr\/wp-content\/uploads\/2025\/12\/cropped-saydamK-1024x682.png 1024w, https:\/\/baranuruncan.com.tr\/wp-content\/uploads\/2025\/12\/cropped-saydamK-768x512.png 768w, https:\/\/baranuruncan.com.tr\/wp-content\/uploads\/2025\/12\/cropped-saydamK-360x240.png 360w\" sizes=\"auto, (max-width: 1536px) 100vw, 1536px\" \/><\/figure>\n<\/div>\n\n\n<h5 class=\"wp-block-heading has-text-align-center has-text-color\" style=\"color:#3c4858;font-size:18px\"><strong>Mayfly Systems Hik\u00e2yem<\/strong><\/h5>\n\n\n\n<h2 class=\"wp-block-heading has-text-align-center has-text-color\" style=\"color:#999999;font-size:14px\">\u201cMayfly Systems, benim i\u00e7in sadece bir isim de\u011fil; yaz\u0131l\u0131m yolculu\u011fumun tam kalbinde duran ki\u015fisel bir manifesto. May\u0131s sinekleri bir g\u00fcn ya\u015far ama o bir g\u00fcnde d\u00fcnyay\u0131 tam anlam\u0131yla deneyimler. Ben de kendi yolculu\u011fumu b\u00f6yle tan\u0131ml\u0131yorum: k\u0131sa s\u00fcrede \u00e7ok \u015fey \u00fcretmek, \u00f6\u011frenmek ve iz b\u0131rakmak.<\/h2>\n\n\n\n<h2 class=\"wp-block-heading has-text-align-center has-text-color\" style=\"color:#999999;font-size:14px\">Kod yazmaya ba\u015flad\u0131\u011f\u0131m g\u00fcnden beri hem kendimi geli\u015ftirdi\u011fim hem de akl\u0131ma tak\u0131lan fikirleri deneyip hayata ge\u00e7irdi\u011fim bir alan ar\u0131yordum. Mayfly Systems tam olarak bu aray\u0131\u015f\u0131n sonucu. Burada hem \u00f6\u011frendi\u011fim teknolojileri projelere d\u00f6n\u00fc\u015ft\u00fcr\u00fcyor hem de yaz\u0131l\u0131mc\u0131 olarak b\u00fcy\u00fcmemi belgeliyorum. React, Node.js, yapay zek\u00e2 ve modern web mimarileri \u00fczerine \u00e7al\u0131\u015f\u0131rken att\u0131\u011f\u0131m her ad\u0131m bu ekosistemin bir par\u00e7as\u0131 oluyor.<\/h2>\n\n\n\n<h2 class=\"wp-block-heading has-text-align-center has-text-color\" style=\"color:#999999;font-size:14px\">K\u0131sacas\u0131 Mayfly Systems, \u2018bir g\u00fcn bile ya\u015fasa \u00fcretmeli\u2019 felsefemin dijital izini ta\u015f\u0131yor.<br>Bu markayla amac\u0131m; her projede daha iyi bir Baran olmak ve ayn\u0131 zamanda gelecekteki b\u00fcy\u00fck hedeflerimin temelini bug\u00fcnden in\u015fa etmek.&#8221;<\/h2>\n\n\n\n<h2 class=\"wp-block-heading has-text-align-center has-text-color\" style=\"color:#999999;font-size:14px\">&#8220;<em>Hayat bir Mayfly kadar k\u0131sa olabilir, ama do\u011fru \u00fcretim bir \u00f6m\u00fcrden uzun iz b\u0131rak\u0131r. Ben de tam olarak bunun i\u00e7in \u00e7abal\u0131yorum..<strong>.<\/strong><\/em>\u201d<\/h2>\n\n\n\n<p class=\"has-text-align-center has-text-color\" style=\"color:#999999;font-size:14px\"><\/p>\n\n\n\n<p><\/p>\n<\/div>\n<\/div>\n\n\n\n<div style=\"height:40px\" aria-hidden=\"true\" class=\"wp-block-spacer\"><\/div>\n<\/div><\/div>\n\n\n\n<p><\/p>\n","protected":false},"excerpt":{"rendered":"","protected":false},"author":1,"featured_media":0,"parent":0,"menu_order":0,"comment_status":"closed","ping_status":"closed","template":"","meta":{"_themeisle_gutenberg_block_has_review":false,"footnotes":""},"class_list":["post-5","page","type-page","status-publish","hentry"],"_links":{"self":[{"href":"https:\/\/baranuruncan.com.tr\/index.php?rest_route=\/wp\/v2\/pages\/5","targetHints":{"allow":["GET"]}}],"collection":[{"href":"https:\/\/baranuruncan.com.tr\/index.php?rest_route=\/wp\/v2\/pages"}],"about":[{"href":"https:\/\/baranuruncan.com.tr\/index.php?rest_route=\/wp\/v2\/types\/page"}],"author":[{"embeddable":true,"href":"https:\/\/baranuruncan.com.tr\/index.php?rest_route=\/wp\/v2\/users\/1"}],"replies":[{"embeddable":true,"href":"https:\/\/baranuruncan.com.tr\/index.php?rest_route=%2Fwp%2Fv2%2Fcomments&post=5"}],"version-history":[{"count":13,"href":"https:\/\/baranuruncan.com.tr\/index.php?rest_route=\/wp\/v2\/pages\/5\/revisions"}],"predecessor-version":[{"id":71,"href":"https:\/\/baranuruncan.com.tr\/index.php?rest_route=\/wp\/v2\/pages\/5\/revisions\/71"}],"wp:attachment":[{"href":"https:\/\/baranuruncan.com.tr\/index.php?rest_route=%2Fwp%2Fv2%2Fmedia&parent=5"}],"curies":[{"name":"wp","href":"https:\/\/api.w.org\/{rel}","templated":true}]}}